{"id":10569,"date":"2024-11-14T12:10:16","date_gmt":"2024-11-14T12:10:16","guid":{"rendered":"https:\/\/seyses.com\/pt\/?page_id=10569"},"modified":"2024-12-20T13:25:38","modified_gmt":"2024-12-20T13:25:38","slug":"cookies","status":"publish","type":"page","link":"https:\/\/seyses.com\/pt\/cookies\/","title":{"rendered":"cookies"},"content":{"rendered":"\t\t<div data-elementor-type=\"wp-page\" data-elementor-id=\"10569\" class=\"elementor elementor-10569\">\n\t\t\t\t<div class=\"elementor-element elementor-element-c3cb684 e-con-full e-flex e-con e-parent\" data-id=\"c3cb684\" data-element_type=\"container\" data-e-type=\"container\">\n\t\t\t\t<div class=\"elementor-element elementor-element-af6a42f elementor-widget elementor-widget-text-editor\" data-id=\"af6a42f\" data-element_type=\"widget\" data-e-type=\"widget\" data-widget_type=\"text-editor.default\">\n\t\t\t\t<div class=\"elementor-widget-container\">\n\t\t\t\t\t\t\t\t\t<p><strong>Pol\u00edtica de Cookies<\/strong><\/p><p>A SEYSES est\u00e1 comprometida em fornecer a melhor experi\u00eancia online para o usu\u00e1rio durante a visita ao nosso site, por meio do uso de cookies.<\/p><p>Explicaremos o que s\u00e3o cookies, como os utilizamos e como voc\u00ea pode gerenciar suas prefer\u00eancias sobre o uso de cookies.<\/p><p>Quando coletamos informa\u00e7\u00f5es pessoais, o tratamento de dados ser\u00e1 regido conforme estabelecido na nossa Pol\u00edtica de Privacidade.<\/p><ol><li><strong>O que s\u00e3o cookies e por que os usamos?<\/strong> Os cookies s\u00e3o pequenos arquivos de texto armazenados pelo navegador no dispositivo do usu\u00e1rio (por exemplo, no computador, tablet ou celular) para lembrar informa\u00e7\u00f5es sobre o usu\u00e1rio e facilitar o uso do site, melhorar o desempenho e a experi\u00eancia do usu\u00e1rio, ou aumentar a relev\u00e2ncia de nossas ofertas no site ou em sites de terceiros.<\/li><\/ol><p>Por exemplo, os cookies pr\u00f3prios ou de nossos parceiros (chamados cookies de terceiros) nos permitem coletar informa\u00e7\u00f5es e oferecer uma melhor experi\u00eancia de navega\u00e7\u00e3o, lembrando suas prefer\u00eancias ou vagas salvas nas visitas futuras ao site.<\/p><ol start=\"2\"><li><strong>Que tipo de cookies utilizamos e quanto tempo s\u00e3o armazenados?<\/strong> Abaixo explicamos os diferentes tipos de cookies que utilizamos:<\/li><\/ol><ul><li><strong>Cookies estritamente necess\u00e1rios:<\/strong> Esses cookies s\u00e3o essenciais para o funcionamento do site e n\u00e3o podem ser desativados em nossos sistemas. Geralmente, s\u00e3o configurados para responder a a\u00e7\u00f5es feitas pelo usu\u00e1rio, como ajustar prefer\u00eancias de privacidade, fazer login no site ou preencher formul\u00e1rios. O usu\u00e1rio pode configurar o navegador para bloquear ou alertar sobre esses cookies, mas algumas partes do site podem n\u00e3o funcionar corretamente. Esses cookies n\u00e3o armazenam informa\u00e7\u00f5es pessoais.<\/li><li><strong>Cookies de an\u00e1lise ou medi\u00e7\u00e3o:<\/strong> Esses cookies nos ajudam a contar visitas e fontes de tr\u00e1fego, para medir e melhorar o desempenho do nosso site. Eles nos ajudam a identificar quais p\u00e1ginas s\u00e3o mais ou menos populares e quantas pessoas visitam o site. Toda a informa\u00e7\u00e3o coletada por esses cookies \u00e9 agregada e, portanto, an\u00f4nima.<\/li><li><strong>Cookies de prefer\u00eancias ou personaliza\u00e7\u00e3o:<\/strong> Esses cookies permitem que o site ofere\u00e7a melhores funcionalidades e personaliza\u00e7\u00e3o. Podem ser configurados por n\u00f3s ou por terceiros cujos servi\u00e7os adicionamos ao nosso site. Caso n\u00e3o permita esses cookies, alguns servi\u00e7os podem n\u00e3o funcionar corretamente.<\/li><li><strong>Cookies de publicidade comportamental:<\/strong> Esses cookies podem estar presentes em todo o site, configurados por nossos parceiros publicit\u00e1rios. Eles podem us\u00e1-los para criar um perfil dos seus interesses e mostrar an\u00fancios relevantes em outros sites. Eles n\u00e3o armazenam informa\u00e7\u00f5es pessoais diretamente, mas sim baseados na identifica\u00e7\u00e3o \u00fanica do seu navegador e dispositivo.<\/li><\/ul><ol start=\"3\"><li><strong>Como usamos os cookies em nosso site?<\/strong> Por padr\u00e3o, somente os cookies estritamente necess\u00e1rios est\u00e3o ativos. Eles permitem o acesso ao site e sem eles, algumas partes do site n\u00e3o funcionariam. S\u00e3o essenciais para as fun\u00e7\u00f5es b\u00e1sicas do site.<\/li><\/ol><p>Os cookies de an\u00e1lise, prefer\u00eancias ou publicidade comportamental est\u00e3o desativados por padr\u00e3o, mas voc\u00ea tem a oportunidade de ativ\u00e1-los na primeira visita ao site, no aviso de cookies (clicando no bot\u00e3o \u00abAceitar todos\u00bb ou atrav\u00e9s das configura\u00e7\u00f5es personalizadas).<\/p><p>Utilizamos cookies padr\u00e3o do setor para monitorar seu comportamento online e coletar informa\u00e7\u00f5es estat\u00edsticas de forma agregada para supervisionar o funcionamento do site, melhorar o site com base no desempenho e medir a efic\u00e1cia de nossas campanhas.<\/p><p>Monitoramos o n\u00famero de visitas ao site, de onde vem cada visitante (por exemplo, o site visitado antes de acessar o nosso) e para onde o visitante vai ap\u00f3s sair do site.<\/p><ol start=\"4\"><li><strong>Como gerenciar os cookies?<\/strong> A menos que o usu\u00e1rio tenha configurado seu navegador para rejeitar cookies, nossos sistemas usar\u00e3o cookies sempre que voc\u00ea acessar o site.<\/li><\/ol><p>Voc\u00ea pode rejeitar o uso de cookies ativando a configura\u00e7\u00e3o no seu navegador para rejeitar o armazenamento de cookies. Isso excluir\u00e1 todos os detalhes dos cookies. No entanto, se voc\u00ea selecionar essa configura\u00e7\u00e3o, pode n\u00e3o ser capaz de acessar certas \u00e1reas do site ou usar certos recursos.<\/p><ol start=\"5\"><li><strong>Cookies de terceiros<\/strong> Durante sua visita ao site, voc\u00ea tamb\u00e9m pode ver conte\u00fado de terceiros. Voc\u00ea tamb\u00e9m ter\u00e1 a op\u00e7\u00e3o de compartilhar conte\u00fado e informa\u00e7\u00f5es com outros usando redes sociais como Facebook, LinkedIn e Twitter. Esse conte\u00fado adicional mant\u00eam voc\u00ea atualizado com informa\u00e7\u00f5es cuidadosamente selecionadas que voc\u00ea possa achar relevantes ou interessantes; no entanto, isso pode resultar no armazenamento de cookies adicionais nos seus dispositivos pelos terceiros, sobre os quais n\u00e3o temos controle.<\/li><\/ol><p>Portanto, sugerimos que verifique os sites dos terceiros e suas pol\u00edticas de privacidade para obter mais informa\u00e7\u00f5es sobre os cookies e como gerenci\u00e1-los. Lembre-se de que, ao acessar sites de terceiros por meio deste site, os cookies listados na se\u00e7\u00e3o anterior podem n\u00e3o ser uma lista completa.<\/p><ol start=\"6\"><li><strong>Altera\u00e7\u00f5es nesta pol\u00edtica<\/strong> As condi\u00e7\u00f5es desta pol\u00edtica podem ser alteradas periodicamente. Publicaremos qualquer altera\u00e7\u00e3o substancial desta Pol\u00edtica com avisos apropriados na p\u00e1gina do site ou entrando em contato com voc\u00ea por outros canais de comunica\u00e7\u00e3o.<\/li><li><strong>Contato<\/strong> Ficaremos felizes em responder a qualquer d\u00favida, coment\u00e1rio ou solicita\u00e7\u00e3o relacionada a esta Pol\u00edtica.<\/li><\/ol><ul><li>Telefones: +34 611 818 944. O hor\u00e1rio de atendimento \u00e9 de segunda a sexta-feira, das 9:00 \u00e0s 17:00, hora da Espanha.<\/li><li>E-mail: <a rel=\"noopener\">info@seyses.com<\/a>.<\/li><\/ul>\t\t\t\t\t\t\t\t<\/div>\n\t\t\t\t<\/div>\n\t\t\t\t<\/div>\n\t\t<div class=\"elementor-element elementor-element-5c6a032 e-con-full e-flex e-con e-parent\" data-id=\"5c6a032\" data-element_type=\"container\" data-e-type=\"container\">\n\t\t\t\t<div class=\"elementor-element elementor-element-a15bcea elementor-widget elementor-widget-html\" data-id=\"a15bcea\" data-element_type=\"widget\" data-e-type=\"widget\" data-widget_type=\"html.default\">\n\t\t\t\t<div class=\"elementor-widget-container\">\n\t\t\t\t\t\t\t<div data-elementor-type=\"section\" data-elementor-id=\"11433\" class=\"elementor elementor-11433\">\n\t\t\t\t\t<div class=\"elementor-section-wrap\">\n\t\t\t\t\t\t\t\t<section class=\"elementor-section elementor-top-section elementor-element elementor-element-2665070 elementor-section-full_width elementor-section-stretched elementor-section-height-default elementor-section-height-default eltdf-parallax-row-no eltdf-content-aligment-left eltdf-elementor-row-grid-no eltdf-disabled-bg-image-bellow-no\" data-id=\"2665070\" data-element_type=\"section\" data-e-type=\"section\" data-settings=\"{&quot;background_background&quot;:&quot;classic&quot;,&quot;stretch_section&quot;:&quot;section-stretched&quot;}\">\n\t\t\t\t\t\t<div class=\"elementor-container elementor-column-gap-default\">\n\t\t\t\t\t<div class=\"elementor-column elementor-col-100 elementor-top-column elementor-element elementor-element-a8fd581\" data-id=\"a8fd581\" data-element_type=\"column\" data-e-type=\"column\">\n\t\t\t<div class=\"elementor-widget-wrap elementor-element-populated\">\n\t\t\t\t\t\t<section class=\"elementor-section elementor-inner-section elementor-element elementor-element-86a2341 elementor-section-full_width elementor-section-height-default elementor-section-height-default eltdf-parallax-row-no eltdf-content-aligment-left eltdf-elementor-row-grid-no eltdf-disabled-bg-image-bellow-no\" data-id=\"86a2341\" data-element_type=\"section\" data-e-type=\"section\">\n\t\t\t\t\t\t<div class=\"elementor-container elementor-column-gap-default\">\n\t\t\t\t\t<div class=\"elementor-column elementor-col-25 elementor-inner-column elementor-element elementor-element-548706f\" data-id=\"548706f\" data-element_type=\"column\" data-e-type=\"column\">\n\t\t\t<div class=\"elementor-widget-wrap elementor-element-populated\">\n\t\t\t\t\t\t<div class=\"elementor-element elementor-element-ccff123 elementor-widget elementor-widget-image\" data-id=\"ccff123\" data-element_type=\"widget\" data-e-type=\"widget\" data-widget_type=\"image.default\">\n\t\t\t\t<div class=\"elementor-widget-container\">\n\t\t\t\t\t\t\t\t\t\t\t\t\t\t\t<img decoding=\"async\" width=\"298\" height=\"76\" data-src=\"https:\/\/seyses.com\/pt\/wp-content\/smush-webp\/2024\/09\/Frame-5.png.webp\" class=\"attachment-full size-full wp-image-8798 lazyload\" alt=\"\" src=\"data:image\/gif;base64,R0lGODlhAQABAAAAACH5BAEKAAEALAAAAAABAAEAAAICTAEAOw==\" style=\"--smush-placeholder-width: 298px; --smush-placeholder-aspect-ratio: 298\/76;\" \/><noscript><img decoding=\"async\" width=\"298\" height=\"76\" src=\"https:\/\/seyses.com\/pt\/wp-content\/uploads\/2024\/09\/Frame-5.png\" class=\"attachment-full size-full wp-image-8798\" alt=\"\" \/><\/noscript>\t\t\t\t\t\t\t\t\t\t\t\t\t\t\t<\/div>\n\t\t\t\t<\/div>\n\t\t\t\t<div class=\"elementor-element elementor-element-2f6fbf6 elementor-widget__width-initial elementor-widget-mobile__width-initial elementor-widget-tablet__width-initial elementor-widget elementor-widget-text-editor\" data-id=\"2f6fbf6\" data-element_type=\"widget\" data-e-type=\"widget\" data-widget_type=\"text-editor.default\">\n\t\t\t\t<div class=\"elementor-widget-container\">\n\t\t\t\t\t\t\t\t\tA SEYSES \u00e9 especializada na gest\u00e3o e supervis\u00e3o de projetos de constru\u00e7\u00e3o e energia renov\u00e1vel. Garantimos o cumprimento das normativas e a efici\u00eancia operacional, assegurando qualidade e seguran\u00e7a em cada fase.\t\t\t\t\t\t\t\t<\/div>\n\t\t\t\t<\/div>\n\t\t\t\t\t<\/div>\n\t\t<\/div>\n\t\t\t\t<div class=\"elementor-column elementor-col-25 elementor-inner-column elementor-element elementor-element-63d8210\" data-id=\"63d8210\" data-element_type=\"column\" data-e-type=\"column\">\n\t\t\t<div class=\"elementor-widget-wrap elementor-element-populated\">\n\t\t\t\t\t\t<div class=\"elementor-element elementor-element-e4326d5 elementor-widget__width-initial elementor-widget elementor-widget-text-editor\" data-id=\"e4326d5\" data-element_type=\"widget\" data-e-type=\"widget\" data-widget_type=\"text-editor.default\">\n\t\t\t\t<div class=\"elementor-widget-container\">\n\t\t\t\t\t\t\t\t\t<p><strong>Navega\u00e7\u00e3o<\/strong><\/p>\t\t\t\t\t\t\t\t<\/div>\n\t\t\t\t<\/div>\n\t\t\t\t<div class=\"elementor-element elementor-element-5802cdb elementor-widget elementor-widget-spacer\" data-id=\"5802cdb\" data-element_type=\"widget\" data-e-type=\"widget\" data-widget_type=\"spacer.default\">\n\t\t\t\t<div class=\"elementor-widget-container\">\n\t\t\t\t\t\t\t<div class=\"elementor-spacer\">\n\t\t\t<div class=\"elementor-spacer-inner\"><\/div>\n\t\t<\/div>\n\t\t\t\t\t\t<\/div>\n\t\t\t\t<\/div>\n\t\t\t\t<div class=\"elementor-element elementor-element-ac4d082 elementor-widget elementor-widget-text-editor\" data-id=\"ac4d082\" data-element_type=\"widget\" data-e-type=\"widget\" data-widget_type=\"text-editor.default\">\n\t\t\t\t<div class=\"elementor-widget-container\">\n\t\t\t\t\t\t\t\t\t<p><span style=\"color: #ffffff;\"><a style=\"color: #ffffff;\" href=\"https:\/\/seyses.com\/pt\/\">In\u00edcio<\/a><\/span><\/p><p><span style=\"color: #ffffff;\"><a style=\"color: #ffffff;\" href=\"https:\/\/seyses.com\/pt\/nosotros\/\">N\u00f3s<\/a><\/span><\/p><p><span style=\"color: #ffffff;\"><a style=\"color: #ffffff;\" href=\"https:\/\/seyses.com\/pt\/servicios\">Servi\u00e7os<\/a><\/span><\/p><ul><li><span style=\"color: #ffffff;\"><a style=\"color: #ffffff;\" href=\"https:\/\/seyses.com\/pt\/gestion-y-supervision-de-obra\/\">Gest\u00e3o e Supervis\u00e3o de Obra<\/a><\/span><\/li><li><span style=\"color: #ffffff;\"><a style=\"color: #ffffff;\" href=\"https:\/\/seyses.com\/pt\/gestion-de-operacion-y-mantenimiento\/\">Opera\u00e7\u00e3o e Manuten\u00e7\u00e3o<\/a><\/span><\/li><li><a href=\"https:\/\/seyses.com\/pt\/site-control\/\"><span style=\"color: #ffffff;\">Site Control<\/span><\/a><\/li><\/ul><p><span style=\"color: #ffffff;\"><a style=\"color: #ffffff;\" href=\"https:\/\/seyses.com\/pt\/contactos\/\">Contato<\/a><\/span><\/p>\t\t\t\t\t\t\t\t<\/div>\n\t\t\t\t<\/div>\n\t\t\t\t\t<\/div>\n\t\t<\/div>\n\t\t\t\t<div class=\"elementor-column elementor-col-25 elementor-inner-column elementor-element elementor-element-b2604e8\" data-id=\"b2604e8\" data-element_type=\"column\" data-e-type=\"column\">\n\t\t\t<div class=\"elementor-widget-wrap elementor-element-populated\">\n\t\t\t\t\t\t<div class=\"elementor-element elementor-element-014da23 elementor-widget__width-initial elementor-widget elementor-widget-text-editor\" data-id=\"014da23\" data-element_type=\"widget\" data-e-type=\"widget\" data-widget_type=\"text-editor.default\">\n\t\t\t\t<div class=\"elementor-widget-container\">\n\t\t\t\t\t\t\t\t\t<p><strong>Contato<\/strong><\/p>\t\t\t\t\t\t\t\t<\/div>\n\t\t\t\t<\/div>\n\t\t\t\t<div class=\"elementor-element elementor-element-dbc392d elementor-widget elementor-widget-spacer\" data-id=\"dbc392d\" data-element_type=\"widget\" data-e-type=\"widget\" data-widget_type=\"spacer.default\">\n\t\t\t\t<div class=\"elementor-widget-container\">\n\t\t\t\t\t\t\t<div class=\"elementor-spacer\">\n\t\t\t<div class=\"elementor-spacer-inner\"><\/div>\n\t\t<\/div>\n\t\t\t\t\t\t<\/div>\n\t\t\t\t<\/div>\n\t\t\t\t<div class=\"elementor-element elementor-element-ce4d442 elementor-widget__width-initial elementor-widget elementor-widget-text-editor\" data-id=\"ce4d442\" data-element_type=\"widget\" data-e-type=\"widget\" data-widget_type=\"text-editor.default\">\n\t\t\t\t<div class=\"elementor-widget-container\">\n\t\t\t\t\t\t\t\t\t<p><span style=\"color: #ffffff;\"><a style=\"color: #ffffff;\" href=\"mailto: info@seyses.com\">info@seyses.com<\/a><\/span><\/p><p><span style=\"color: #ffffff;\">USA\u00a0\u00a0 <a style=\"color: #ffffff;\" href=\"tel:+18336739737\">+1 (833) 673-9737 <\/a><\/span><\/p><p><span style=\"color: #ffffff;\">M\u00c9XICO \u00a0\u00a0<a style=\"color: #ffffff;\" href=\"tel:+525565395837\">+52 55 6539 5837<\/a><\/span><\/p><p><span style=\"color: #ffffff;\">COLOMBIA\u00a0\u00a0<a style=\"color: #ffffff;\" href=\"tel:+573126325033\">+57 312 632 5033<\/a><\/span><\/p><p><span style=\"color: #ffffff;\">BRASIL \u00a0\u00a0<a style=\"color: #ffffff;\" href=\"tel:+551137976547\">+55 11 37976547<\/a><\/span><\/p><p><span style=\"color: #ffffff;\">CHILE \u00a0\u00a0<a style=\"color: #ffffff;\" href=\"tel:+56999177836\">+56 9 9917 7836<\/a><\/span><\/p><p><span style=\"color: #ffffff;\">ESPA\u00d1A \u00a0\u00a0<a style=\"color: #ffffff;\" href=\"tel:+34854791002\">+34 854 791 002<\/a><\/span><\/p>\t\t\t\t\t\t\t\t<\/div>\n\t\t\t\t<\/div>\n\t\t\t\t\t<\/div>\n\t\t<\/div>\n\t\t\t\t<div class=\"elementor-column elementor-col-25 elementor-inner-column elementor-element elementor-element-e4e749e\" data-id=\"e4e749e\" data-element_type=\"column\" data-e-type=\"column\">\n\t\t\t<div class=\"elementor-widget-wrap elementor-element-populated\">\n\t\t\t\t\t\t<div class=\"elementor-element elementor-element-27bc941 elementor-widget__width-initial elementor-widget elementor-widget-text-editor\" data-id=\"27bc941\" data-element_type=\"widget\" data-e-type=\"widget\" data-widget_type=\"text-editor.default\">\n\t\t\t\t<div class=\"elementor-widget-container\">\n\t\t\t\t\t\t\t\t\t<p><strong>Redes<\/strong><\/p>\t\t\t\t\t\t\t\t<\/div>\n\t\t\t\t<\/div>\n\t\t\t\t<div class=\"elementor-element elementor-element-9ce520b elementor-widget elementor-widget-spacer\" data-id=\"9ce520b\" data-element_type=\"widget\" data-e-type=\"widget\" data-widget_type=\"spacer.default\">\n\t\t\t\t<div class=\"elementor-widget-container\">\n\t\t\t\t\t\t\t<div class=\"elementor-spacer\">\n\t\t\t<div class=\"elementor-spacer-inner\"><\/div>\n\t\t<\/div>\n\t\t\t\t\t\t<\/div>\n\t\t\t\t<\/div>\n\t\t\t\t<div class=\"elementor-element elementor-element-db20d6c e-grid-align-left elementor-shape-rounded elementor-grid-0 elementor-widget elementor-widget-social-icons\" data-id=\"db20d6c\" data-element_type=\"widget\" data-e-type=\"widget\" data-widget_type=\"social-icons.default\">\n\t\t\t\t<div class=\"elementor-widget-container\">\n\t\t\t\t\t\t\t<div class=\"elementor-social-icons-wrapper elementor-grid\" role=\"list\">\n\t\t\t\t\t\t\t<span class=\"elementor-grid-item\" role=\"listitem\">\n\t\t\t\t\t<a class=\"elementor-icon elementor-social-icon elementor-social-icon-linkedin elementor-repeater-item-51435e4\" href=\"https:\/\/www.linkedin.com\/company\/seyses\/\" target=\"_blank\">\n\t\t\t\t\t\t<span class=\"elementor-screen-only\">Linkedin<\/span>\n\t\t\t\t\t\t<i aria-hidden=\"true\" class=\"fab fa-linkedin\"><\/i>\t\t\t\t\t<\/a>\n\t\t\t\t<\/span>\n\t\t\t\t\t\t\t<span class=\"elementor-grid-item\" role=\"listitem\">\n\t\t\t\t\t<a class=\"elementor-icon elementor-social-icon elementor-social-icon-instagram elementor-repeater-item-a47a9b9\" href=\"https:\/\/www.instagram.com\/seyses_ok\/\" target=\"_blank\">\n\t\t\t\t\t\t<span class=\"elementor-screen-only\">Instagram<\/span>\n\t\t\t\t\t\t<i aria-hidden=\"true\" class=\"fab fa-instagram\"><\/i>\t\t\t\t\t<\/a>\n\t\t\t\t<\/span>\n\t\t\t\t\t<\/div>\n\t\t\t\t\t\t<\/div>\n\t\t\t\t<\/div>\n\t\t\t\t\t<\/div>\n\t\t<\/div>\n\t\t\t\t\t<\/div>\n\t\t<\/section>\n\t\t\t\t<section class=\"elementor-section elementor-inner-section elementor-element elementor-element-0d46069 elementor-section-full_width elementor-section-height-default elementor-section-height-default eltdf-parallax-row-no eltdf-content-aligment-left eltdf-elementor-row-grid-no eltdf-disabled-bg-image-bellow-no\" data-id=\"0d46069\" data-element_type=\"section\" data-e-type=\"section\">\n\t\t\t\t\t\t<div class=\"elementor-container elementor-column-gap-default\">\n\t\t\t\t\t<div class=\"elementor-column elementor-col-100 elementor-inner-column elementor-element elementor-element-da958e1\" data-id=\"da958e1\" data-element_type=\"column\" data-e-type=\"column\">\n\t\t\t<div class=\"elementor-widget-wrap elementor-element-populated\">\n\t\t\t\t\t\t<div class=\"elementor-element elementor-element-c86d203 elementor-widget-divider--view-line elementor-widget elementor-widget-divider\" data-id=\"c86d203\" data-element_type=\"widget\" data-e-type=\"widget\" data-widget_type=\"divider.default\">\n\t\t\t\t<div class=\"elementor-widget-container\">\n\t\t\t\t\t\t\t<div class=\"elementor-divider\">\n\t\t\t<span class=\"elementor-divider-separator\">\n\t\t\t\t\t\t<\/span>\n\t\t<\/div>\n\t\t\t\t\t\t<\/div>\n\t\t\t\t<\/div>\n\t\t\t\t\t<\/div>\n\t\t<\/div>\n\t\t\t\t\t<\/div>\n\t\t<\/section>\n\t\t\t\t<section class=\"elementor-section elementor-inner-section elementor-element elementor-element-b76f6f4 elementor-section-full_width elementor-section-content-middle elementor-section-height-default elementor-section-height-default eltdf-parallax-row-no eltdf-content-aligment-left eltdf-elementor-row-grid-no eltdf-disabled-bg-image-bellow-no\" data-id=\"b76f6f4\" data-element_type=\"section\" data-e-type=\"section\">\n\t\t\t\t\t\t<div class=\"elementor-container elementor-column-gap-default\">\n\t\t\t\t\t<div class=\"elementor-column elementor-col-20 elementor-inner-column elementor-element elementor-element-5646605\" data-id=\"5646605\" data-element_type=\"column\" data-e-type=\"column\">\n\t\t\t<div class=\"elementor-widget-wrap elementor-element-populated\">\n\t\t\t\t\t\t<div class=\"elementor-element elementor-element-6d9b0d1 elementor-widget__width-initial elementor-widget elementor-widget-text-editor\" data-id=\"6d9b0d1\" data-element_type=\"widget\" data-e-type=\"widget\" data-widget_type=\"text-editor.default\">\n\t\t\t\t<div class=\"elementor-widget-container\">\n\t\t\t\t\t\t\t\t\t<div class=\"flex max-w-full flex-col flex-grow\"><div class=\"min-h-8 text-message flex w-full flex-col items-end gap-2 whitespace-normal break-words [.text-message+&amp;]:mt-5\" dir=\"auto\" data-message-author-role=\"assistant\" data-message-id=\"a0a2f806-9103-47d0-88e1-6ce0b3980841\" data-message-model-slug=\"gpt-4o-mini\"><div class=\"flex w-full flex-col gap-1 empty:hidden first:pt-[3px]\"><div class=\"markdown prose w-full break-words dark:prose-invert light\"><p>\u00a9 2025 SEYSES. Todos os direitos reservados.<\/p><\/div><\/div><\/div><\/div>\t\t\t\t\t\t\t\t<\/div>\n\t\t\t\t<\/div>\n\t\t\t\t\t<\/div>\n\t\t<\/div>\n\t\t\t\t<div class=\"elementor-column elementor-col-20 elementor-inner-column elementor-element elementor-element-76f35c9\" data-id=\"76f35c9\" data-element_type=\"column\" data-e-type=\"column\">\n\t\t\t<div class=\"elementor-widget-wrap elementor-element-populated\">\n\t\t\t\t\t\t<div class=\"elementor-element elementor-element-c016e3b elementor-widget__width-initial elementor-widget elementor-widget-text-editor\" data-id=\"c016e3b\" data-element_type=\"widget\" data-e-type=\"widget\" data-widget_type=\"text-editor.default\">\n\t\t\t\t<div class=\"elementor-widget-container\">\n\t\t\t\t\t\t\t\t\t<p><span style=\"color: #ffffff;\"><a style=\"color: #ffffff;\" href=\"https:\/\/seyses.com\/pt\/politicas-de-privacidad\/\">Pol\u00edtica de Privacidade<\/a><\/span><\/p>\t\t\t\t\t\t\t\t<\/div>\n\t\t\t\t<\/div>\n\t\t\t\t\t<\/div>\n\t\t<\/div>\n\t\t\t\t<div class=\"elementor-column elementor-col-20 elementor-inner-column elementor-element elementor-element-ac68f03\" data-id=\"ac68f03\" data-element_type=\"column\" data-e-type=\"column\">\n\t\t\t<div class=\"elementor-widget-wrap elementor-element-populated\">\n\t\t\t\t\t\t<div class=\"elementor-element elementor-element-baa1b5a elementor-widget__width-initial elementor-widget elementor-widget-text-editor\" data-id=\"baa1b5a\" data-element_type=\"widget\" data-e-type=\"widget\" data-widget_type=\"text-editor.default\">\n\t\t\t\t<div class=\"elementor-widget-container\">\n\t\t\t\t\t\t\t\t\t<p><a href=\"https:\/\/seyses.com\/pt\/terminos-y-condiciones\/\"><span style=\"color: #ffffff;\">Termos de Uso<\/span><\/a><\/p>\t\t\t\t\t\t\t\t<\/div>\n\t\t\t\t<\/div>\n\t\t\t\t\t<\/div>\n\t\t<\/div>\n\t\t\t\t<div class=\"elementor-column elementor-col-20 elementor-inner-column elementor-element elementor-element-408808a\" data-id=\"408808a\" data-element_type=\"column\" data-e-type=\"column\">\n\t\t\t<div class=\"elementor-widget-wrap elementor-element-populated\">\n\t\t\t\t\t\t<div class=\"elementor-element elementor-element-efd7962 elementor-widget__width-initial elementor-widget elementor-widget-text-editor\" data-id=\"efd7962\" data-element_type=\"widget\" data-e-type=\"widget\" data-widget_type=\"text-editor.default\">\n\t\t\t\t<div class=\"elementor-widget-container\">\n\t\t\t\t\t\t\t\t\t<p><span style=\"color: #ffffff;\"><a style=\"color: #ffffff;\" href=\"https:\/\/seyses.com\/pt\/cookies\/\">Prefer\u00eancias de Cookies<\/a><\/span><\/p>\t\t\t\t\t\t\t\t<\/div>\n\t\t\t\t<\/div>\n\t\t\t\t\t<\/div>\n\t\t<\/div>\n\t\t\t\t<div class=\"elementor-column elementor-col-20 elementor-inner-column elementor-element elementor-element-01abef5\" data-id=\"01abef5\" data-element_type=\"column\" data-e-type=\"column\">\n\t\t\t<div class=\"elementor-widget-wrap elementor-element-populated\">\n\t\t\t\t\t\t<div class=\"elementor-element elementor-element-2490ebc elementor-widget elementor-widget-text-editor\" data-id=\"2490ebc\" data-element_type=\"widget\" data-e-type=\"widget\" data-widget_type=\"text-editor.default\">\n\t\t\t\t<div class=\"elementor-widget-container\">\n\t\t\t\t\t\t\t\t\t<p><a href=\"https:\/\/seyses.factorialhr.com\/complaints\" target=\"_blank\" rel=\"noopener\"><span style=\"color: #ffffff;\">Canal de Den\u00fancias<\/span><\/a><\/p>\t\t\t\t\t\t\t\t<\/div>\n\t\t\t\t<\/div>\n\t\t\t\t\t<\/div>\n\t\t<\/div>\n\t\t\t\t\t<\/div>\n\t\t<\/section>\n\t\t\t\t\t<\/div>\n\t\t<\/div>\n\t\t\t\t\t<\/div>\n\t\t<\/section>\n\t\t\t\t\t\t\t<\/div>\n\t\t\t\t<\/div>\n\t\t\t\t\t\t<\/div>\n\t\t\t\t<\/div>\n\t\t\t\t<\/div>\n\t\t\t\t<\/div>\n\t\t","protected":false},"excerpt":{"rendered":"<p>Pol\u00edtica de Cookies A SEYSES est\u00e1 comprometida em fornecer a melhor experi\u00eancia online para o usu\u00e1rio durante a visita ao nosso site, por meio do uso de cookies. Explicaremos o que s\u00e3o cookies, como os utilizamos e como voc\u00ea pode gerenciar suas prefer\u00eancias sobre o uso de cookies. Quando coletamos informa\u00e7\u00f5es pessoais, o tratamento de dados ser\u00e1 [&hellip;]<\/p>\n","protected":false},"author":1,"featured_media":0,"parent":0,"menu_order":0,"comment_status":"closed","ping_status":"closed","template":"","meta":{"footnotes":""},"class_list":["post-10569","page","type-page","status-publish","hentry"],"_links":{"self":[{"href":"https:\/\/seyses.com\/pt\/wp-json\/wp\/v2\/pages\/10569","targetHints":{"allow":["GET"]}}],"collection":[{"href":"https:\/\/seyses.com\/pt\/wp-json\/wp\/v2\/pages"}],"about":[{"href":"https:\/\/seyses.com\/pt\/wp-json\/wp\/v2\/types\/page"}],"author":[{"embeddable":true,"href":"https:\/\/seyses.com\/pt\/wp-json\/wp\/v2\/users\/1"}],"replies":[{"embeddable":true,"href":"https:\/\/seyses.com\/pt\/wp-json\/wp\/v2\/comments?post=10569"}],"version-history":[{"count":3,"href":"https:\/\/seyses.com\/pt\/wp-json\/wp\/v2\/pages\/10569\/revisions"}],"predecessor-version":[{"id":11559,"href":"https:\/\/seyses.com\/pt\/wp-json\/wp\/v2\/pages\/10569\/revisions\/11559"}],"wp:attachment":[{"href":"https:\/\/seyses.com\/pt\/wp-json\/wp\/v2\/media?parent=10569"}],"curies":[{"name":"wp","href":"https:\/\/api.w.org\/{rel}","templated":true}]}}