{"id":10574,"date":"2024-11-14T12:20:33","date_gmt":"2024-11-14T12:20:33","guid":{"rendered":"https:\/\/seyses.com\/pt\/?page_id=10574"},"modified":"2024-12-20T13:25:57","modified_gmt":"2024-12-20T13:25:57","slug":"politicas-de-privacidad","status":"publish","type":"page","link":"https:\/\/seyses.com\/pt\/politicas-de-privacidad\/","title":{"rendered":"pol\u00edticas de privacidade"},"content":{"rendered":"\t\t<div data-elementor-type=\"wp-page\" data-elementor-id=\"10574\" class=\"elementor elementor-10574\">\n\t\t\t\t<div class=\"elementor-element elementor-element-c3cb684 e-con-full e-flex e-con e-parent\" data-id=\"c3cb684\" data-element_type=\"container\" data-e-type=\"container\">\n\t\t\t\t<div class=\"elementor-element elementor-element-af6a42f elementor-widget elementor-widget-text-editor\" data-id=\"af6a42f\" data-element_type=\"widget\" data-e-type=\"widget\" data-widget_type=\"text-editor.default\">\n\t\t\t\t<div class=\"elementor-widget-container\">\n\t\t\t\t\t\t\t\t\t<p><strong>Pol\u00edtica de Privacidade<\/strong><\/p><p>A SEYSES compromete-se a proteger e respeitar a privacidade do usu\u00e1rio enquanto ele visitar este site.<\/p><p>Este aviso descreve quais informa\u00e7\u00f5es pessoais coletamos do usu\u00e1rio e como s\u00e3o coletadas, usadas e processadas.<\/p><ol><li><strong>Quais informa\u00e7\u00f5es pessoais a SEYSES coleta e usa?<\/strong><\/li><\/ol><p>Coletamos e utilizamos informa\u00e7\u00f5es pessoais para oferecer a melhor experi\u00eancia ao usu\u00e1rio, agrupando-as da seguinte forma:<\/p><p>a) <strong>Dados identificativos<\/strong> (seu nome e documentos que comprovem sua identidade).<\/p><p>b) <strong>Dados de contato<\/strong> (endere\u00e7os de e-mail, n\u00fameros de telefone, endere\u00e7os postais, pa\u00eds, cargo e nome da empresa, al\u00e9m de outras informa\u00e7\u00f5es que possam constar em seu cart\u00e3o de visita).<\/p><p>c) <strong>Dados t\u00e9cnicos<\/strong> (endere\u00e7os IP, cookies, dados de login, navegador utilizado, dados de tr\u00e1fego, localiza\u00e7\u00e3o e outros dados de comunica\u00e7\u00e3o).<\/p><p>d) <strong>Informa\u00e7\u00f5es que voc\u00ea fornece<\/strong> ao usar nossos formul\u00e1rios de contato ou ao participar de uma pesquisa.<\/p><p>e) <strong>Informa\u00e7\u00f5es sobre como voc\u00ea responde a e-mails, SMS, telefonemas<\/strong>, outras campanhas de marketing, e quando se inscreve para receber boletins ou not\u00edcias.<\/p><p>f) <strong>Dados do seu perfil e outras informa\u00e7\u00f5es p\u00fablicas<\/strong> em redes sociais ou que compartilhe conosco.<\/p><ol start=\"2\"><li><strong>Como a SEYSES coleta suas informa\u00e7\u00f5es pessoais?<\/strong><\/li><\/ol><p>Utilizamos diferentes m\u00e9todos para coletar dados sobre voc\u00ea, como:<\/p><p>a) <strong>Intera\u00e7\u00f5es diretas<\/strong>: voc\u00ea nos fornece dados de identidade, contato, comunica\u00e7\u00e3o de marketing e outros ao preencher formul\u00e1rios ou entrar em contato conosco.<\/p><p>b) <strong>Tecnologias automatizadas<\/strong>: ao interagir com nosso site, coletamos dados t\u00e9cnicos sobre seu dispositivo, padr\u00f5es de navega\u00e7\u00e3o e a\u00e7\u00f5es.<\/p><p>c) <strong>Fontes p\u00fablicas e terceiros<\/strong>: podemos obter informa\u00e7\u00f5es de fontes p\u00fablicas ou de redes sociais.<\/p><ol start=\"3\"><li><strong>Quais comunica\u00e7\u00f5es de marketing a SEYSES envia?<\/strong><\/li><\/ol><p>Enviamos comunica\u00e7\u00f5es de marketing para indiv\u00edduos apenas com seu consentimento.<\/p><ol start=\"4\"><li><strong>Utilizamos intelig\u00eancia artificial?<\/strong><\/li><\/ol><p>Sim, usamos IA para recomendar ofertas, mas n\u00e3o tomamos decis\u00f5es automatizadas sobre sua informa\u00e7\u00e3o pessoal.<\/p><ol start=\"5\"><li><strong>Compartilhamos seus dados com terceiros?<\/strong><\/li><\/ol><p>Sim, compartilhamos seus dados com fornecedores, autoridades governamentais e, em casos de fus\u00f5es ou aquisi\u00e7\u00f5es, com vendedores ou compradores potenciais.<\/p><ol start=\"6\"><li><strong>Transferimos seus dados fora do seu pa\u00eds?<\/strong><\/li><\/ol><p>Podemos transferir e processar seus dados em pa\u00edses dentro e fora da Uni\u00e3o Europeia.<\/p><ol start=\"7\"><li><strong>Quais medidas de seguran\u00e7a adotamos?<\/strong><\/li><\/ol><p>Implementamos medidas de seguran\u00e7a t\u00e9cnicas e organizacionais para proteger suas informa\u00e7\u00f5es pessoais.<\/p><ol start=\"8\"><li><strong>Quais s\u00e3o seus direitos em rela\u00e7\u00e3o \u00e0s suas informa\u00e7\u00f5es pessoais?<\/strong><\/li><\/ol><p>Voc\u00ea tem o direito de acessar, corrigir, excluir ou limitar o tratamento de seus dados pessoais. Tamb\u00e9m pode revogar seu consentimento.<\/p><ol start=\"9\"><li><strong>Contato<\/strong><\/li><\/ol><p>Se voc\u00ea tiver d\u00favidas ou quiser entrar em contato conosco:<\/p><p>\u2013 Telefones: +34 611 818 944 (de segunda a sexta-feira, das 9h00 \u00e0s 17h00, hor\u00e1rio da Espanha).<\/p><p>\u2013 E-mail: <a rel=\"noopener\">info@seyses.com<\/a><\/p>\t\t\t\t\t\t\t\t<\/div>\n\t\t\t\t<\/div>\n\t\t<div class=\"elementor-element elementor-element-ccc8b65 e-con-full e-flex e-con e-child\" data-id=\"ccc8b65\" data-element_type=\"container\" data-e-type=\"container\">\n\t\t\t\t<div class=\"elementor-element elementor-element-1107e31 elementor-widget elementor-widget-html\" data-id=\"1107e31\" data-element_type=\"widget\" data-e-type=\"widget\" data-widget_type=\"html.default\">\n\t\t\t\t<div class=\"elementor-widget-container\">\n\t\t\t\t\t\t\t<div data-elementor-type=\"section\" data-elementor-id=\"11433\" class=\"elementor elementor-11433\">\n\t\t\t\t\t<div class=\"elementor-section-wrap\">\n\t\t\t\t\t\t\t\t<section class=\"elementor-section elementor-top-section elementor-element elementor-element-2665070 elementor-section-full_width elementor-section-stretched elementor-section-height-default elementor-section-height-default eltdf-parallax-row-no eltdf-content-aligment-left eltdf-elementor-row-grid-no eltdf-disabled-bg-image-bellow-no\" data-id=\"2665070\" data-element_type=\"section\" data-e-type=\"section\" data-settings=\"{&quot;background_background&quot;:&quot;classic&quot;,&quot;stretch_section&quot;:&quot;section-stretched&quot;}\">\n\t\t\t\t\t\t<div class=\"elementor-container elementor-column-gap-default\">\n\t\t\t\t\t<div class=\"elementor-column elementor-col-100 elementor-top-column elementor-element elementor-element-a8fd581\" data-id=\"a8fd581\" data-element_type=\"column\" data-e-type=\"column\">\n\t\t\t<div class=\"elementor-widget-wrap elementor-element-populated\">\n\t\t\t\t\t\t<section class=\"elementor-section elementor-inner-section elementor-element elementor-element-86a2341 elementor-section-full_width elementor-section-height-default elementor-section-height-default eltdf-parallax-row-no eltdf-content-aligment-left eltdf-elementor-row-grid-no eltdf-disabled-bg-image-bellow-no\" data-id=\"86a2341\" data-element_type=\"section\" data-e-type=\"section\">\n\t\t\t\t\t\t<div class=\"elementor-container elementor-column-gap-default\">\n\t\t\t\t\t<div class=\"elementor-column elementor-col-25 elementor-inner-column elementor-element elementor-element-548706f\" data-id=\"548706f\" data-element_type=\"column\" data-e-type=\"column\">\n\t\t\t<div class=\"elementor-widget-wrap elementor-element-populated\">\n\t\t\t\t\t\t<div class=\"elementor-element elementor-element-ccff123 elementor-widget elementor-widget-image\" data-id=\"ccff123\" data-element_type=\"widget\" data-e-type=\"widget\" data-widget_type=\"image.default\">\n\t\t\t\t<div class=\"elementor-widget-container\">\n\t\t\t\t\t\t\t\t\t\t\t\t\t\t\t<img decoding=\"async\" width=\"298\" height=\"76\" data-src=\"https:\/\/seyses.com\/pt\/wp-content\/smush-webp\/2024\/09\/Frame-5.png.webp\" class=\"attachment-full size-full wp-image-8798 lazyload\" alt=\"\" src=\"data:image\/gif;base64,R0lGODlhAQABAAAAACH5BAEKAAEALAAAAAABAAEAAAICTAEAOw==\" style=\"--smush-placeholder-width: 298px; --smush-placeholder-aspect-ratio: 298\/76;\" \/><noscript><img decoding=\"async\" width=\"298\" height=\"76\" src=\"https:\/\/seyses.com\/pt\/wp-content\/uploads\/2024\/09\/Frame-5.png\" class=\"attachment-full size-full wp-image-8798\" alt=\"\" \/><\/noscript>\t\t\t\t\t\t\t\t\t\t\t\t\t\t\t<\/div>\n\t\t\t\t<\/div>\n\t\t\t\t<div class=\"elementor-element elementor-element-2f6fbf6 elementor-widget__width-initial elementor-widget-mobile__width-initial elementor-widget-tablet__width-initial elementor-widget elementor-widget-text-editor\" data-id=\"2f6fbf6\" data-element_type=\"widget\" data-e-type=\"widget\" data-widget_type=\"text-editor.default\">\n\t\t\t\t<div class=\"elementor-widget-container\">\n\t\t\t\t\t\t\t\t\tA SEYSES \u00e9 especializada na gest\u00e3o e supervis\u00e3o de projetos de constru\u00e7\u00e3o e energia renov\u00e1vel. Garantimos o cumprimento das normativas e a efici\u00eancia operacional, assegurando qualidade e seguran\u00e7a em cada fase.\t\t\t\t\t\t\t\t<\/div>\n\t\t\t\t<\/div>\n\t\t\t\t\t<\/div>\n\t\t<\/div>\n\t\t\t\t<div class=\"elementor-column elementor-col-25 elementor-inner-column elementor-element elementor-element-63d8210\" data-id=\"63d8210\" data-element_type=\"column\" data-e-type=\"column\">\n\t\t\t<div class=\"elementor-widget-wrap elementor-element-populated\">\n\t\t\t\t\t\t<div class=\"elementor-element elementor-element-e4326d5 elementor-widget__width-initial elementor-widget elementor-widget-text-editor\" data-id=\"e4326d5\" data-element_type=\"widget\" data-e-type=\"widget\" data-widget_type=\"text-editor.default\">\n\t\t\t\t<div class=\"elementor-widget-container\">\n\t\t\t\t\t\t\t\t\t<p><strong>Navega\u00e7\u00e3o<\/strong><\/p>\t\t\t\t\t\t\t\t<\/div>\n\t\t\t\t<\/div>\n\t\t\t\t<div class=\"elementor-element elementor-element-5802cdb elementor-widget elementor-widget-spacer\" data-id=\"5802cdb\" data-element_type=\"widget\" data-e-type=\"widget\" data-widget_type=\"spacer.default\">\n\t\t\t\t<div class=\"elementor-widget-container\">\n\t\t\t\t\t\t\t<div class=\"elementor-spacer\">\n\t\t\t<div class=\"elementor-spacer-inner\"><\/div>\n\t\t<\/div>\n\t\t\t\t\t\t<\/div>\n\t\t\t\t<\/div>\n\t\t\t\t<div class=\"elementor-element elementor-element-ac4d082 elementor-widget elementor-widget-text-editor\" data-id=\"ac4d082\" data-element_type=\"widget\" data-e-type=\"widget\" data-widget_type=\"text-editor.default\">\n\t\t\t\t<div class=\"elementor-widget-container\">\n\t\t\t\t\t\t\t\t\t<p><span style=\"color: #ffffff;\"><a style=\"color: #ffffff;\" href=\"https:\/\/seyses.com\/pt\/\">In\u00edcio<\/a><\/span><\/p><p><span style=\"color: #ffffff;\"><a style=\"color: #ffffff;\" href=\"https:\/\/seyses.com\/pt\/nosotros\/\">N\u00f3s<\/a><\/span><\/p><p><span style=\"color: #ffffff;\"><a style=\"color: #ffffff;\" href=\"https:\/\/seyses.com\/pt\/servicios\">Servi\u00e7os<\/a><\/span><\/p><ul><li><span style=\"color: #ffffff;\"><a style=\"color: #ffffff;\" href=\"https:\/\/seyses.com\/pt\/gestion-y-supervision-de-obra\/\">Gest\u00e3o e Supervis\u00e3o de Obra<\/a><\/span><\/li><li><span style=\"color: #ffffff;\"><a style=\"color: #ffffff;\" href=\"https:\/\/seyses.com\/pt\/gestion-de-operacion-y-mantenimiento\/\">Opera\u00e7\u00e3o e Manuten\u00e7\u00e3o<\/a><\/span><\/li><li><a href=\"https:\/\/seyses.com\/pt\/site-control\/\"><span style=\"color: #ffffff;\">Site Control<\/span><\/a><\/li><\/ul><p><span style=\"color: #ffffff;\"><a style=\"color: #ffffff;\" href=\"https:\/\/seyses.com\/pt\/contactos\/\">Contato<\/a><\/span><\/p>\t\t\t\t\t\t\t\t<\/div>\n\t\t\t\t<\/div>\n\t\t\t\t\t<\/div>\n\t\t<\/div>\n\t\t\t\t<div class=\"elementor-column elementor-col-25 elementor-inner-column elementor-element elementor-element-b2604e8\" data-id=\"b2604e8\" data-element_type=\"column\" data-e-type=\"column\">\n\t\t\t<div class=\"elementor-widget-wrap elementor-element-populated\">\n\t\t\t\t\t\t<div class=\"elementor-element elementor-element-014da23 elementor-widget__width-initial elementor-widget elementor-widget-text-editor\" data-id=\"014da23\" data-element_type=\"widget\" data-e-type=\"widget\" data-widget_type=\"text-editor.default\">\n\t\t\t\t<div class=\"elementor-widget-container\">\n\t\t\t\t\t\t\t\t\t<p><strong>Contato<\/strong><\/p>\t\t\t\t\t\t\t\t<\/div>\n\t\t\t\t<\/div>\n\t\t\t\t<div class=\"elementor-element elementor-element-dbc392d elementor-widget elementor-widget-spacer\" data-id=\"dbc392d\" data-element_type=\"widget\" data-e-type=\"widget\" data-widget_type=\"spacer.default\">\n\t\t\t\t<div class=\"elementor-widget-container\">\n\t\t\t\t\t\t\t<div class=\"elementor-spacer\">\n\t\t\t<div class=\"elementor-spacer-inner\"><\/div>\n\t\t<\/div>\n\t\t\t\t\t\t<\/div>\n\t\t\t\t<\/div>\n\t\t\t\t<div class=\"elementor-element elementor-element-ce4d442 elementor-widget__width-initial elementor-widget elementor-widget-text-editor\" data-id=\"ce4d442\" data-element_type=\"widget\" data-e-type=\"widget\" data-widget_type=\"text-editor.default\">\n\t\t\t\t<div class=\"elementor-widget-container\">\n\t\t\t\t\t\t\t\t\t<p><span style=\"color: #ffffff;\"><a style=\"color: #ffffff;\" href=\"mailto: info@seyses.com\">info@seyses.com<\/a><\/span><\/p><p><span style=\"color: #ffffff;\">USA\u00a0\u00a0 <a style=\"color: #ffffff;\" href=\"tel:+18336739737\">+1 (833) 673-9737 <\/a><\/span><\/p><p><span style=\"color: #ffffff;\">M\u00c9XICO \u00a0\u00a0<a style=\"color: #ffffff;\" href=\"tel:+525565395837\">+52 55 6539 5837<\/a><\/span><\/p><p><span style=\"color: #ffffff;\">COLOMBIA\u00a0\u00a0<a style=\"color: #ffffff;\" href=\"tel:+573126325033\">+57 312 632 5033<\/a><\/span><\/p><p><span style=\"color: #ffffff;\">BRASIL \u00a0\u00a0<a style=\"color: #ffffff;\" href=\"tel:+551137976547\">+55 11 37976547<\/a><\/span><\/p><p><span style=\"color: #ffffff;\">CHILE \u00a0\u00a0<a style=\"color: #ffffff;\" href=\"tel:+56999177836\">+56 9 9917 7836<\/a><\/span><\/p><p><span style=\"color: #ffffff;\">ESPA\u00d1A \u00a0\u00a0<a style=\"color: #ffffff;\" href=\"tel:+34854791002\">+34 854 791 002<\/a><\/span><\/p>\t\t\t\t\t\t\t\t<\/div>\n\t\t\t\t<\/div>\n\t\t\t\t\t<\/div>\n\t\t<\/div>\n\t\t\t\t<div class=\"elementor-column elementor-col-25 elementor-inner-column elementor-element elementor-element-e4e749e\" data-id=\"e4e749e\" data-element_type=\"column\" data-e-type=\"column\">\n\t\t\t<div class=\"elementor-widget-wrap elementor-element-populated\">\n\t\t\t\t\t\t<div class=\"elementor-element elementor-element-27bc941 elementor-widget__width-initial elementor-widget elementor-widget-text-editor\" data-id=\"27bc941\" data-element_type=\"widget\" data-e-type=\"widget\" data-widget_type=\"text-editor.default\">\n\t\t\t\t<div class=\"elementor-widget-container\">\n\t\t\t\t\t\t\t\t\t<p><strong>Redes<\/strong><\/p>\t\t\t\t\t\t\t\t<\/div>\n\t\t\t\t<\/div>\n\t\t\t\t<div class=\"elementor-element elementor-element-9ce520b elementor-widget elementor-widget-spacer\" data-id=\"9ce520b\" data-element_type=\"widget\" data-e-type=\"widget\" data-widget_type=\"spacer.default\">\n\t\t\t\t<div class=\"elementor-widget-container\">\n\t\t\t\t\t\t\t<div class=\"elementor-spacer\">\n\t\t\t<div class=\"elementor-spacer-inner\"><\/div>\n\t\t<\/div>\n\t\t\t\t\t\t<\/div>\n\t\t\t\t<\/div>\n\t\t\t\t<div class=\"elementor-element elementor-element-db20d6c e-grid-align-left elementor-shape-rounded elementor-grid-0 elementor-widget elementor-widget-social-icons\" data-id=\"db20d6c\" data-element_type=\"widget\" data-e-type=\"widget\" data-widget_type=\"social-icons.default\">\n\t\t\t\t<div class=\"elementor-widget-container\">\n\t\t\t\t\t\t\t<div class=\"elementor-social-icons-wrapper elementor-grid\" role=\"list\">\n\t\t\t\t\t\t\t<span class=\"elementor-grid-item\" role=\"listitem\">\n\t\t\t\t\t<a class=\"elementor-icon elementor-social-icon elementor-social-icon-linkedin elementor-repeater-item-51435e4\" href=\"https:\/\/www.linkedin.com\/company\/seyses\/\" target=\"_blank\">\n\t\t\t\t\t\t<span class=\"elementor-screen-only\">Linkedin<\/span>\n\t\t\t\t\t\t<i aria-hidden=\"true\" class=\"fab fa-linkedin\"><\/i>\t\t\t\t\t<\/a>\n\t\t\t\t<\/span>\n\t\t\t\t\t\t\t<span class=\"elementor-grid-item\" role=\"listitem\">\n\t\t\t\t\t<a class=\"elementor-icon elementor-social-icon elementor-social-icon-instagram elementor-repeater-item-a47a9b9\" href=\"https:\/\/www.instagram.com\/seyses_ok\/\" target=\"_blank\">\n\t\t\t\t\t\t<span class=\"elementor-screen-only\">Instagram<\/span>\n\t\t\t\t\t\t<i aria-hidden=\"true\" class=\"fab fa-instagram\"><\/i>\t\t\t\t\t<\/a>\n\t\t\t\t<\/span>\n\t\t\t\t\t<\/div>\n\t\t\t\t\t\t<\/div>\n\t\t\t\t<\/div>\n\t\t\t\t\t<\/div>\n\t\t<\/div>\n\t\t\t\t\t<\/div>\n\t\t<\/section>\n\t\t\t\t<section class=\"elementor-section elementor-inner-section elementor-element elementor-element-0d46069 elementor-section-full_width elementor-section-height-default elementor-section-height-default eltdf-parallax-row-no eltdf-content-aligment-left eltdf-elementor-row-grid-no eltdf-disabled-bg-image-bellow-no\" data-id=\"0d46069\" data-element_type=\"section\" data-e-type=\"section\">\n\t\t\t\t\t\t<div class=\"elementor-container elementor-column-gap-default\">\n\t\t\t\t\t<div class=\"elementor-column elementor-col-100 elementor-inner-column elementor-element elementor-element-da958e1\" data-id=\"da958e1\" data-element_type=\"column\" data-e-type=\"column\">\n\t\t\t<div class=\"elementor-widget-wrap elementor-element-populated\">\n\t\t\t\t\t\t<div class=\"elementor-element elementor-element-c86d203 elementor-widget-divider--view-line elementor-widget elementor-widget-divider\" data-id=\"c86d203\" data-element_type=\"widget\" data-e-type=\"widget\" data-widget_type=\"divider.default\">\n\t\t\t\t<div class=\"elementor-widget-container\">\n\t\t\t\t\t\t\t<div class=\"elementor-divider\">\n\t\t\t<span class=\"elementor-divider-separator\">\n\t\t\t\t\t\t<\/span>\n\t\t<\/div>\n\t\t\t\t\t\t<\/div>\n\t\t\t\t<\/div>\n\t\t\t\t\t<\/div>\n\t\t<\/div>\n\t\t\t\t\t<\/div>\n\t\t<\/section>\n\t\t\t\t<section class=\"elementor-section elementor-inner-section elementor-element elementor-element-b76f6f4 elementor-section-full_width elementor-section-content-middle elementor-section-height-default elementor-section-height-default eltdf-parallax-row-no eltdf-content-aligment-left eltdf-elementor-row-grid-no eltdf-disabled-bg-image-bellow-no\" data-id=\"b76f6f4\" data-element_type=\"section\" data-e-type=\"section\">\n\t\t\t\t\t\t<div class=\"elementor-container elementor-column-gap-default\">\n\t\t\t\t\t<div class=\"elementor-column elementor-col-20 elementor-inner-column elementor-element elementor-element-5646605\" data-id=\"5646605\" data-element_type=\"column\" data-e-type=\"column\">\n\t\t\t<div class=\"elementor-widget-wrap elementor-element-populated\">\n\t\t\t\t\t\t<div class=\"elementor-element elementor-element-6d9b0d1 elementor-widget__width-initial elementor-widget elementor-widget-text-editor\" data-id=\"6d9b0d1\" data-element_type=\"widget\" data-e-type=\"widget\" data-widget_type=\"text-editor.default\">\n\t\t\t\t<div class=\"elementor-widget-container\">\n\t\t\t\t\t\t\t\t\t<div class=\"flex max-w-full flex-col flex-grow\"><div class=\"min-h-8 text-message flex w-full flex-col items-end gap-2 whitespace-normal break-words [.text-message+&amp;]:mt-5\" dir=\"auto\" data-message-author-role=\"assistant\" data-message-id=\"a0a2f806-9103-47d0-88e1-6ce0b3980841\" data-message-model-slug=\"gpt-4o-mini\"><div class=\"flex w-full flex-col gap-1 empty:hidden first:pt-[3px]\"><div class=\"markdown prose w-full break-words dark:prose-invert light\"><p>\u00a9 2025 SEYSES. Todos os direitos reservados.<\/p><\/div><\/div><\/div><\/div>\t\t\t\t\t\t\t\t<\/div>\n\t\t\t\t<\/div>\n\t\t\t\t\t<\/div>\n\t\t<\/div>\n\t\t\t\t<div class=\"elementor-column elementor-col-20 elementor-inner-column elementor-element elementor-element-76f35c9\" data-id=\"76f35c9\" data-element_type=\"column\" data-e-type=\"column\">\n\t\t\t<div class=\"elementor-widget-wrap elementor-element-populated\">\n\t\t\t\t\t\t<div class=\"elementor-element elementor-element-c016e3b elementor-widget__width-initial elementor-widget elementor-widget-text-editor\" data-id=\"c016e3b\" data-element_type=\"widget\" data-e-type=\"widget\" data-widget_type=\"text-editor.default\">\n\t\t\t\t<div class=\"elementor-widget-container\">\n\t\t\t\t\t\t\t\t\t<p><span style=\"color: #ffffff;\"><a style=\"color: #ffffff;\" href=\"https:\/\/seyses.com\/pt\/politicas-de-privacidad\/\">Pol\u00edtica de Privacidade<\/a><\/span><\/p>\t\t\t\t\t\t\t\t<\/div>\n\t\t\t\t<\/div>\n\t\t\t\t\t<\/div>\n\t\t<\/div>\n\t\t\t\t<div class=\"elementor-column elementor-col-20 elementor-inner-column elementor-element elementor-element-ac68f03\" data-id=\"ac68f03\" data-element_type=\"column\" data-e-type=\"column\">\n\t\t\t<div class=\"elementor-widget-wrap elementor-element-populated\">\n\t\t\t\t\t\t<div class=\"elementor-element elementor-element-baa1b5a elementor-widget__width-initial elementor-widget elementor-widget-text-editor\" data-id=\"baa1b5a\" data-element_type=\"widget\" data-e-type=\"widget\" data-widget_type=\"text-editor.default\">\n\t\t\t\t<div class=\"elementor-widget-container\">\n\t\t\t\t\t\t\t\t\t<p><a href=\"https:\/\/seyses.com\/pt\/terminos-y-condiciones\/\"><span style=\"color: #ffffff;\">Termos de Uso<\/span><\/a><\/p>\t\t\t\t\t\t\t\t<\/div>\n\t\t\t\t<\/div>\n\t\t\t\t\t<\/div>\n\t\t<\/div>\n\t\t\t\t<div class=\"elementor-column elementor-col-20 elementor-inner-column elementor-element elementor-element-408808a\" data-id=\"408808a\" data-element_type=\"column\" data-e-type=\"column\">\n\t\t\t<div class=\"elementor-widget-wrap elementor-element-populated\">\n\t\t\t\t\t\t<div class=\"elementor-element elementor-element-efd7962 elementor-widget__width-initial elementor-widget elementor-widget-text-editor\" data-id=\"efd7962\" data-element_type=\"widget\" data-e-type=\"widget\" data-widget_type=\"text-editor.default\">\n\t\t\t\t<div class=\"elementor-widget-container\">\n\t\t\t\t\t\t\t\t\t<p><span style=\"color: #ffffff;\"><a style=\"color: #ffffff;\" href=\"https:\/\/seyses.com\/pt\/cookies\/\">Prefer\u00eancias de Cookies<\/a><\/span><\/p>\t\t\t\t\t\t\t\t<\/div>\n\t\t\t\t<\/div>\n\t\t\t\t\t<\/div>\n\t\t<\/div>\n\t\t\t\t<div class=\"elementor-column elementor-col-20 elementor-inner-column elementor-element elementor-element-01abef5\" data-id=\"01abef5\" data-element_type=\"column\" data-e-type=\"column\">\n\t\t\t<div class=\"elementor-widget-wrap elementor-element-populated\">\n\t\t\t\t\t\t<div class=\"elementor-element elementor-element-2490ebc elementor-widget elementor-widget-text-editor\" data-id=\"2490ebc\" data-element_type=\"widget\" data-e-type=\"widget\" data-widget_type=\"text-editor.default\">\n\t\t\t\t<div class=\"elementor-widget-container\">\n\t\t\t\t\t\t\t\t\t<p><a href=\"https:\/\/seyses.factorialhr.com\/complaints\" target=\"_blank\" rel=\"noopener\"><span style=\"color: #ffffff;\">Canal de Den\u00fancias<\/span><\/a><\/p>\t\t\t\t\t\t\t\t<\/div>\n\t\t\t\t<\/div>\n\t\t\t\t\t<\/div>\n\t\t<\/div>\n\t\t\t\t\t<\/div>\n\t\t<\/section>\n\t\t\t\t\t<\/div>\n\t\t<\/div>\n\t\t\t\t\t<\/div>\n\t\t<\/section>\n\t\t\t\t\t\t\t<\/div>\n\t\t\t\t<\/div>\n\t\t\t\t\t\t<\/div>\n\t\t\t\t<\/div>\n\t\t\t\t<\/div>\n\t\t\t\t<\/div>\n\t\t\t\t<\/div>\n\t\t","protected":false},"excerpt":{"rendered":"<p>Pol\u00edtica de Privacidade A SEYSES compromete-se a proteger e respeitar a privacidade do usu\u00e1rio enquanto ele visitar este site. Este aviso descreve quais informa\u00e7\u00f5es pessoais coletamos do usu\u00e1rio e como s\u00e3o coletadas, usadas e processadas. Quais informa\u00e7\u00f5es pessoais a SEYSES coleta e usa? Coletamos e utilizamos informa\u00e7\u00f5es pessoais para oferecer a melhor experi\u00eancia ao usu\u00e1rio, agrupando-as da [&hellip;]<\/p>\n","protected":false},"author":1,"featured_media":0,"parent":0,"menu_order":0,"comment_status":"closed","ping_status":"closed","template":"","meta":{"footnotes":""},"class_list":["post-10574","page","type-page","status-publish","hentry"],"_links":{"self":[{"href":"https:\/\/seyses.com\/pt\/wp-json\/wp\/v2\/pages\/10574","targetHints":{"allow":["GET"]}}],"collection":[{"href":"https:\/\/seyses.com\/pt\/wp-json\/wp\/v2\/pages"}],"about":[{"href":"https:\/\/seyses.com\/pt\/wp-json\/wp\/v2\/types\/page"}],"author":[{"embeddable":true,"href":"https:\/\/seyses.com\/pt\/wp-json\/wp\/v2\/users\/1"}],"replies":[{"embeddable":true,"href":"https:\/\/seyses.com\/pt\/wp-json\/wp\/v2\/comments?post=10574"}],"version-history":[{"count":3,"href":"https:\/\/seyses.com\/pt\/wp-json\/wp\/v2\/pages\/10574\/revisions"}],"predecessor-version":[{"id":11565,"href":"https:\/\/seyses.com\/pt\/wp-json\/wp\/v2\/pages\/10574\/revisions\/11565"}],"wp:attachment":[{"href":"https:\/\/seyses.com\/pt\/wp-json\/wp\/v2\/media?parent=10574"}],"curies":[{"name":"wp","href":"https:\/\/api.w.org\/{rel}","templated":true}]}}